{"id":1970,"date":"2016-10-14T14:28:33","date_gmt":"2016-10-14T14:28:33","guid":{"rendered":"http:\/\/www.hotelmiralles.com\/la-familia\/"},"modified":"2017-03-27T07:51:03","modified_gmt":"2017-03-27T07:51:03","slug":"la-familia","status":"publish","type":"page","link":"https:\/\/www.hotelmiralles.com\/es\/la-familia\/","title":{"rendered":"La Familia"},"content":{"rendered":"[vc_row type=\u00bbin_container\u00bb scene_position=\u00bbcenter\u00bb text_color=\u00bbdark\u00bb text_align=\u00bbleft\u00bb overlay_strength=\u00bb0.3&#8243;][vc_column column_padding=\u00bbno-extra-padding\u00bb column_padding_position=\u00bball\u00bb background_color_opacity=\u00bb1&#8243; background_hover_color_opacity=\u00bb1&#8243; width=\u00bb1\/1&#8243;][image_with_animation image_url=\u00bb1046&#8243; alignment=\u00bbcenter\u00bb animation=\u00bbNone\u00bb][\/vc_column][\/vc_row][vc_row type=\u00bbin_container\u00bb scene_position=\u00bbcenter\u00bb text_color=\u00bbdark\u00bb text_align=\u00bbleft\u00bb overlay_strength=\u00bb0.3&#8243;][vc_column column_padding=\u00bbno-extra-padding\u00bb column_padding_position=\u00bball\u00bb background_color_opacity=\u00bb1&#8243; background_hover_color_opacity=\u00bb1&#8243; width=\u00bb1\/1&#8243;][vc_column_text]\n<h2>La familia Miralles, 40 a\u00f1os comprometidos con vosotros<\/h2>\n<hr \/>\n[\/vc_column_text][\/vc_column][\/vc_row][vc_row type=\u00bbin_container\u00bb scene_position=\u00bbcenter\u00bb text_color=\u00bbdark\u00bb text_align=\u00bbleft\u00bb class=\u00bbimatgeFamiliaMovil\u00bb overlay_strength=\u00bb0.3&#8243;][vc_column column_padding=\u00bbno-extra-padding\u00bb column_padding_position=\u00bball\u00bb background_color_opacity=\u00bb1&#8243; background_hover_color_opacity=\u00bb1&#8243; width=\u00bb2\/3&#8243;][vc_column_text]\n<p style=\"text-align: justify;\">La primera intenci\u00f3n es dar a conocer esta tierra a nuestros clientes y amigos mostr\u00e1ndoles los rincones m\u00e1s interesantes y entra\u00f1ables y al mismo tiempo agradecer su amistad y confianza, sin la cual nuestro trabajo no tendr\u00eda sentido.<\/p>\n<h3>Ni\u00f1ez, el v\u00ednculo con la tierra. Juventud, el aprendizaje. Madurez, la tranquilidad.<\/h3>\n<p style=\"text-align: justify;\"><em>En 1950 nac\u00ed en el mas del Baubo, de la pareja formada por Ram\u00f3n y Elvira que ya ten\u00edan dos hijos: Ram\u00f3n y Pepito. Me pusieron Salvador y yo doy gracias. Dos a\u00f1os m\u00e1s tarde vino la peque\u00f1a, M\u00aaElena.<\/em><\/p>\n<p><em>Desde un principio ya supe que la vida era dura y ten\u00eda que trabajar. En casa pero no falt\u00f3 ni la alegr\u00eda ni la comida. Cada uno hac\u00eda lo que le tocaba para sacar adelante la familia. Con 6 a\u00f1os ya llevaba un reba\u00f1o de ovejas y mi hermano uno de cabras.<\/em><\/p>\n<p><em>Aprend\u00ed todas las artes y t\u00e9cnicas de supervivencia como hab\u00edan hecho todos los dem\u00e1s. La madre nos ense\u00f1a lo que ella sab\u00eda en las largas noches de invierno al lado del fuego y a la luz de candil. En 1963 pero la madre decidi\u00f3 irse a vivir al pueblo entre otras cosas porque la peque\u00f1a pudiera ir a aprender de letra.<\/em>[\/vc_column_text][\/vc_column][vc_column column_padding=\u00bbno-extra-padding\u00bb column_padding_position=\u00bball\u00bb background_color_opacity=\u00bb1&#8243; background_hover_color_opacity=\u00bb1&#8243; el_class=\u00bbimatgeFamiliaMovil\u00bb width=\u00bb1\/3&#8243;][image_with_animation image_url=\u00bb1069&#8243; alignment=\u00bb\u00bb animation=\u00bbFade In\u00bb][\/vc_column][\/vc_row][vc_row type=\u00bbin_container\u00bb scene_position=\u00bbcenter\u00bb text_color=\u00bbdark\u00bb text_align=\u00bbleft\u00bb overlay_strength=\u00bb0.3&#8243;][vc_column column_padding=\u00bbno-extra-padding\u00bb column_padding_position=\u00bball\u00bb background_color_opacity=\u00bb1&#8243; background_hover_color_opacity=\u00bb1&#8243; top_margin=\u00bb-2%\u00bb width=\u00bb1\/1&#8243;][vc_column_text]\n<p style=\"text-align: center;\"><img loading=\"lazy\" decoding=\"async\" class=\"alignnone size-full wp-image-192\" src=\"http:\/\/www.hotelmiralles.com\/wp-content\/uploads\/2016\/10\/cabra2.png\" alt=\"cabra2\" width=\"100\" height=\"25\" \/><\/p>\n[\/vc_column_text][\/vc_column][\/vc_row][vc_row type=\u00bbin_container\u00bb scene_position=\u00bbcenter\u00bb text_color=\u00bbdark\u00bb text_align=\u00bbleft\u00bb overlay_strength=\u00bb0.3&#8243;][vc_column column_padding=\u00bbno-extra-padding\u00bb column_padding_position=\u00bball\u00bb background_color_opacity=\u00bb1&#8243; background_hover_color_opacity=\u00bb1&#8243; top_margin=\u00bb-2%\u00bb width=\u00bb1\/1&#8243;][image_with_animation image_url=\u00bb656&#8243; alignment=\u00bbcenter\u00bb animation=\u00bbFade In\u00bb][\/vc_column][\/vc_row][vc_row type=\u00bbin_container\u00bb scene_position=\u00bbcenter\u00bb text_color=\u00bbdark\u00bb text_align=\u00bbleft\u00bb overlay_strength=\u00bb0.3&#8243;][vc_column column_padding=\u00bbno-extra-padding\u00bb column_padding_position=\u00bball\u00bb background_color_opacity=\u00bb1&#8243; background_hover_color_opacity=\u00bb1&#8243; width=\u00bb1\/1&#8243;][vc_column_text]<em>Cuando ten\u00eda 16 a\u00f1os, mi padre vendi\u00f3 el reba\u00f1o y me caus\u00f3 un buen disgusto. No quer\u00edan que me quedara solo a la masia. A partir de ese momento empec\u00e9 a trabajar en el diario en todo lo que sal\u00eda. Ganaba 125 pesetas al d\u00eda!<\/em>[\/vc_column_text][\/vc_column][\/vc_row][vc_row type=\u00bbin_container\u00bb scene_position=\u00bbcenter\u00bb text_color=\u00bbdark\u00bb text_align=\u00bbleft\u00bb overlay_strength=\u00bb0.3&#8243;][vc_column column_padding=\u00bbno-extra-padding\u00bb column_padding_position=\u00bball\u00bb background_color_opacity=\u00bb1&#8243; background_hover_color_opacity=\u00bb1&#8243; width=\u00bb3\/4&#8243;][vc_column_text]<em>Comienzo a fijarme en las chicas. Hay una que me entra por el ojo derecho. La Pepita, la mujer de mi vida.<\/em><\/p>\n<p><em>Al 67, sin el permiso de mi padre, me fui a la Costa Brava a hacer la temporada de verano, aprend\u00ed el oficio de cocinero, empezando fregando platos, despu\u00e9s entremeses y finalmente a los fogones. Los 4 a\u00f1os \u00faltimos acompa\u00f1ado de Pepita, su madre y su hermano.<\/em><\/p>\n<p><em>Con el dinero ahorrado decidimos comprarnos un terreno donde hacer nuestro hogar. En esto que el pueblo se qued\u00f3 sin fonda y del Ayuntamiento nos animaron a que abri\u00e9ramos una nosotros.<br \/>\n<\/em><\/p>\n<p><em>Muchas horas de valorar y pensar y finalmente nos decidimos a dar el paso. Una peque\u00f1a y modesta fonda, pero nuestra y en Horta!<\/em><\/p>\n<p><em>Reformas, obras&#8230;, el 21 de febrero boda con Pepita, el 17 de Marzo d\u00eda de St. Salvador inauguraci\u00f3n y primer cliente y que todav\u00eda nos honra con su bonita amistad. Todo era poco para complacer al cliente!<\/em>[\/vc_column_text][\/vc_column][vc_column column_padding=\u00bbno-extra-padding\u00bb column_padding_position=\u00bball\u00bb background_color_opacity=\u00bb1&#8243; background_hover_color_opacity=\u00bb1&#8243; el_class=\u00bbimatgeFamiliaMovil\u00bb width=\u00bb1\/4&#8243;][image_with_animation image_url=\u00bb659&#8243; alignment=\u00bb\u00bb animation=\u00bbFade In\u00bb el_class=\u00bbimatgeFamiliaMovil\u00bb][\/vc_column][\/vc_row][vc_row type=\u00bbin_container\u00bb scene_position=\u00bbcenter\u00bb text_color=\u00bbdark\u00bb text_align=\u00bbleft\u00bb overlay_strength=\u00bb0.3&#8243;][vc_column column_padding=\u00bbno-extra-padding\u00bb column_padding_position=\u00bball\u00bb background_color_opacity=\u00bb1&#8243; background_hover_color_opacity=\u00bb1&#8243; top_margin=\u00bb-5%\u00bb width=\u00bb1\/1&#8243;][vc_column_text css=\u00bb.vc_custom_1486651562966{margin-top: 45px !important;}\u00bb]\n<p style=\"text-align: center;\"><img loading=\"lazy\" decoding=\"async\" class=\"alignnone size-full wp-image-192\" src=\"http:\/\/www.hotelmiralles.com\/wp-content\/uploads\/2016\/10\/cabra2.png\" alt=\"cabra2\" width=\"100\" height=\"25\" \/><\/p>\n[\/vc_column_text][vc_column_text]<em>Principios duros pero superados y compensados con el regalo de nuestras hijas, Anna y Nuria.<\/em><\/p>\n<p><em>Con el tiempo la fonda se queda peque\u00f1a. Otro empuje y animados para mejorar la oferta pasamos a construir un nuevo edificio, y que hemos ampliado hasta el d\u00eda de hoy. Las nuevas instalaciones con las comodidades y mejoras que nuestros clientes merecen, han sido pensadas para hacerlos sentir como en su casa.<\/em><\/p>\n<p><em>Dicen que el agradecimiento, es la memoria del coraz\u00f3n y as\u00ed es como queremos con este escrito demostraros el nuestro.<\/em><\/p>\n[\/vc_column_text][\/vc_column][\/vc_row][vc_row type=\u00bbin_container\u00bb scene_position=\u00bbcenter\u00bb text_color=\u00bbdark\u00bb text_align=\u00bbleft\u00bb class=\u00bb.imatgeFamiliaMovil\u00bb overlay_strength=\u00bb0.3&#8243;][vc_column column_padding=\u00bbno-extra-padding\u00bb column_padding_position=\u00bball\u00bb background_color_opacity=\u00bb1&#8243; background_hover_color_opacity=\u00bb1&#8243; width=\u00bb1\/1&#8243;][image_with_animation image_url=\u00bb657&#8243; alignment=\u00bbcenter\u00bb animation=\u00bbFade In\u00bb][\/vc_column][\/vc_row][vc_row type=\u00bbin_container\u00bb scene_position=\u00bbcenter\u00bb text_color=\u00bbdark\u00bb text_align=\u00bbleft\u00bb overlay_strength=\u00bb0.3&#8243;][vc_column column_padding=\u00bbno-extra-padding\u00bb column_padding_position=\u00bball\u00bb background_color_opacity=\u00bb1&#8243; background_hover_color_opacity=\u00bb1&#8243; width=\u00bb1\/1&#8243;][divider line_type=\u00bbNo Line\u00bb custom_height=\u00bb20&#8243;][\/vc_column][\/vc_row]\n","protected":false},"excerpt":{"rendered":"<p>[vc_row type=\u00bbin_container\u00bb scene_position=\u00bbcenter\u00bb text_color=\u00bbdark\u00bb text_align=\u00bbleft\u00bb overlay_strength=\u00bb0.3&#8243;][vc_column column_padding=\u00bbno-extra-padding\u00bb column_padding_position=\u00bball\u00bb background_color_opacity=\u00bb1&#8243; background_hover_color_opacity=\u00bb1&#8243; width=\u00bb1\/1&#8243;][image_with_animation image_url=\u00bb1046&#8243; alignment=\u00bbcenter\u00bb animation=\u00bbNone\u00bb][\/vc_column][\/vc_row][vc_row type=\u00bbin_container\u00bb scene_position=\u00bbcenter\u00bb text_color=\u00bbdark\u00bb text_align=\u00bbleft\u00bb overlay_strength=\u00bb0.3&#8243;][vc_column column_padding=\u00bbno-extra-padding\u00bb column_padding_position=\u00bball\u00bb background_color_opacity=\u00bb1&#8243; background_hover_color_opacity=\u00bb1&#8243; width=\u00bb1\/1&#8243;][vc_column_text] La familia Miralles, 40 a\u00f1os comprometidos&#8230;<\/p>\n","protected":false},"author":1,"featured_media":0,"parent":0,"menu_order":0,"comment_status":"closed","ping_status":"closed","template":"","meta":{"footnotes":""},"class_list":["post-1970","page","type-page","status-publish"],"yoast_head":"<!-- This site is optimized with the Yoast SEO plugin v21.0 - https:\/\/yoast.com\/wordpress\/plugins\/seo\/ -->\n<title>La Familia - Hotel Miralles - Terra Alta<\/title>\n<meta name=\"robots\" content=\"index, follow, max-snippet:-1, max-image-preview:large, max-video-preview:-1\" \/>\n<link rel=\"canonical\" href=\"https:\/\/www.hotelmiralles.com\/la-familia\/\" \/>\n<meta property=\"og:locale\" content=\"es_ES\" \/>\n<meta property=\"og:type\" content=\"article\" \/>\n<meta property=\"og:title\" content=\"La Familia - Hotel Miralles - Terra Alta\" \/>\n<meta property=\"og:description\" content=\"[vc_row type=\u00bbin_container\u00bb scene_position=\u00bbcenter\u00bb text_color=\u00bbdark\u00bb text_align=\u00bbleft\u00bb overlay_strength=\u00bb0.3&#8243;][vc_column column_padding=\u00bbno-extra-padding\u00bb column_padding_position=\u00bball\u00bb background_color_opacity=\u00bb1&#8243; background_hover_color_opacity=\u00bb1&#8243; width=\u00bb1\/1&#8243;][image_with_animation image_url=\u00bb1046&#8243; alignment=\u00bbcenter\u00bb animation=\u00bbNone\u00bb][\/vc_column][\/vc_row][vc_row type=\u00bbin_container\u00bb scene_position=\u00bbcenter\u00bb text_color=\u00bbdark\u00bb text_align=\u00bbleft\u00bb overlay_strength=\u00bb0.3&#8243;][vc_column column_padding=\u00bbno-extra-padding\u00bb column_padding_position=\u00bball\u00bb background_color_opacity=\u00bb1&#8243; background_hover_color_opacity=\u00bb1&#8243; width=\u00bb1\/1&#8243;][vc_column_text] La familia Miralles, 40 a\u00f1os comprometidos...\" \/>\n<meta property=\"og:url\" content=\"https:\/\/www.hotelmiralles.com\/la-familia\/\" \/>\n<meta property=\"og:site_name\" content=\"Hotel Miralles - Terra Alta\" \/>\n<meta property=\"article:modified_time\" content=\"2017-03-27T07:51:03+00:00\" \/>\n<meta property=\"og:image\" content=\"http:\/\/www.hotelmiralles.com\/wp-content\/uploads\/2016\/10\/cabra2.png\" \/>\n<meta name=\"twitter:card\" content=\"summary_large_image\" \/>\n<meta name=\"twitter:label1\" content=\"Tiempo de lectura\" \/>\n\t<meta name=\"twitter:data1\" content=\"5 minutos\" \/>\n<script type=\"application\/ld+json\" class=\"yoast-schema-graph\">{\"@context\":\"https:\/\/schema.org\",\"@graph\":[{\"@type\":\"WebPage\",\"@id\":\"https:\/\/www.hotelmiralles.com\/la-familia\/\",\"url\":\"https:\/\/www.hotelmiralles.com\/la-familia\/\",\"name\":\"La Familia - Hotel Miralles - Terra Alta\",\"isPartOf\":{\"@id\":\"https:\/\/www.hotelmiralles.com\/#website\"},\"datePublished\":\"2016-10-14T14:28:33+00:00\",\"dateModified\":\"2017-03-27T07:51:03+00:00\",\"breadcrumb\":{\"@id\":\"https:\/\/www.hotelmiralles.com\/la-familia\/#breadcrumb\"},\"inLanguage\":\"es\",\"potentialAction\":[{\"@type\":\"ReadAction\",\"target\":[\"https:\/\/www.hotelmiralles.com\/la-familia\/\"]}]},{\"@type\":\"BreadcrumbList\",\"@id\":\"https:\/\/www.hotelmiralles.com\/la-familia\/#breadcrumb\",\"itemListElement\":[{\"@type\":\"ListItem\",\"position\":1,\"name\":\"Inici\",\"item\":\"https:\/\/www.hotelmiralles.com\/\"},{\"@type\":\"ListItem\",\"position\":2,\"name\":\"La Familia\"}]},{\"@type\":\"WebSite\",\"@id\":\"https:\/\/www.hotelmiralles.com\/#website\",\"url\":\"https:\/\/www.hotelmiralles.com\/\",\"name\":\"Hotel Miralles - Terra Alta\",\"description\":\"Hotel Restaurant a la Terra Alta situal a Horta de Sant Joan des de 1900\",\"potentialAction\":[{\"@type\":\"SearchAction\",\"target\":{\"@type\":\"EntryPoint\",\"urlTemplate\":\"https:\/\/www.hotelmiralles.com\/?s={search_term_string}\"},\"query-input\":\"required name=search_term_string\"}],\"inLanguage\":\"es\"}]}<\/script>\n<!-- \/ Yoast SEO plugin. -->","yoast_head_json":{"title":"La Familia - Hotel Miralles - Terra Alta","robots":{"index":"index","follow":"follow","max-snippet":"max-snippet:-1","max-image-preview":"max-image-preview:large","max-video-preview":"max-video-preview:-1"},"canonical":"https:\/\/www.hotelmiralles.com\/la-familia\/","og_locale":"es_ES","og_type":"article","og_title":"La Familia - Hotel Miralles - Terra Alta","og_description":"[vc_row type=\u00bbin_container\u00bb scene_position=\u00bbcenter\u00bb text_color=\u00bbdark\u00bb text_align=\u00bbleft\u00bb overlay_strength=\u00bb0.3&#8243;][vc_column column_padding=\u00bbno-extra-padding\u00bb column_padding_position=\u00bball\u00bb background_color_opacity=\u00bb1&#8243; background_hover_color_opacity=\u00bb1&#8243; width=\u00bb1\/1&#8243;][image_with_animation image_url=\u00bb1046&#8243; alignment=\u00bbcenter\u00bb animation=\u00bbNone\u00bb][\/vc_column][\/vc_row][vc_row type=\u00bbin_container\u00bb scene_position=\u00bbcenter\u00bb text_color=\u00bbdark\u00bb text_align=\u00bbleft\u00bb overlay_strength=\u00bb0.3&#8243;][vc_column column_padding=\u00bbno-extra-padding\u00bb column_padding_position=\u00bball\u00bb background_color_opacity=\u00bb1&#8243; background_hover_color_opacity=\u00bb1&#8243; width=\u00bb1\/1&#8243;][vc_column_text] La familia Miralles, 40 a\u00f1os comprometidos...","og_url":"https:\/\/www.hotelmiralles.com\/la-familia\/","og_site_name":"Hotel Miralles - Terra Alta","article_modified_time":"2017-03-27T07:51:03+00:00","og_image":[{"url":"http:\/\/www.hotelmiralles.com\/wp-content\/uploads\/2016\/10\/cabra2.png"}],"twitter_card":"summary_large_image","twitter_misc":{"Tiempo de lectura":"5 minutos"},"schema":{"@context":"https:\/\/schema.org","@graph":[{"@type":"WebPage","@id":"https:\/\/www.hotelmiralles.com\/la-familia\/","url":"https:\/\/www.hotelmiralles.com\/la-familia\/","name":"La Familia - Hotel Miralles - Terra Alta","isPartOf":{"@id":"https:\/\/www.hotelmiralles.com\/#website"},"datePublished":"2016-10-14T14:28:33+00:00","dateModified":"2017-03-27T07:51:03+00:00","breadcrumb":{"@id":"https:\/\/www.hotelmiralles.com\/la-familia\/#breadcrumb"},"inLanguage":"es","potentialAction":[{"@type":"ReadAction","target":["https:\/\/www.hotelmiralles.com\/la-familia\/"]}]},{"@type":"BreadcrumbList","@id":"https:\/\/www.hotelmiralles.com\/la-familia\/#breadcrumb","itemListElement":[{"@type":"ListItem","position":1,"name":"Inici","item":"https:\/\/www.hotelmiralles.com\/"},{"@type":"ListItem","position":2,"name":"La Familia"}]},{"@type":"WebSite","@id":"https:\/\/www.hotelmiralles.com\/#website","url":"https:\/\/www.hotelmiralles.com\/","name":"Hotel Miralles - Terra Alta","description":"Hotel Restaurant a la Terra Alta situal a Horta de Sant Joan des de 1900","potentialAction":[{"@type":"SearchAction","target":{"@type":"EntryPoint","urlTemplate":"https:\/\/www.hotelmiralles.com\/?s={search_term_string}"},"query-input":"required name=search_term_string"}],"inLanguage":"es"}]}},"_links":{"self":[{"href":"https:\/\/www.hotelmiralles.com\/es\/wp-json\/wp\/v2\/pages\/1970","targetHints":{"allow":["GET"]}}],"collection":[{"href":"https:\/\/www.hotelmiralles.com\/es\/wp-json\/wp\/v2\/pages"}],"about":[{"href":"https:\/\/www.hotelmiralles.com\/es\/wp-json\/wp\/v2\/types\/page"}],"author":[{"embeddable":true,"href":"https:\/\/www.hotelmiralles.com\/es\/wp-json\/wp\/v2\/users\/1"}],"replies":[{"embeddable":true,"href":"https:\/\/www.hotelmiralles.com\/es\/wp-json\/wp\/v2\/comments?post=1970"}],"version-history":[{"count":2,"href":"https:\/\/www.hotelmiralles.com\/es\/wp-json\/wp\/v2\/pages\/1970\/revisions"}],"predecessor-version":[{"id":1972,"href":"https:\/\/www.hotelmiralles.com\/es\/wp-json\/wp\/v2\/pages\/1970\/revisions\/1972"}],"wp:attachment":[{"href":"https:\/\/www.hotelmiralles.com\/es\/wp-json\/wp\/v2\/media?parent=1970"}],"curies":[{"name":"wp","href":"https:\/\/api.w.org\/{rel}","templated":true}]}}