{"id":1997,"date":"2016-12-01T16:01:17","date_gmt":"2016-12-01T16:01:17","guid":{"rendered":"http:\/\/www.hotelmiralles.com\/identitat-propia\/"},"modified":"2017-03-28T08:51:06","modified_gmt":"2017-03-28T08:51:06","slug":"identitat-propia","status":"publish","type":"page","link":"https:\/\/www.hotelmiralles.com\/es\/identitat-propia\/","title":{"rendered":"Identitat propia"},"content":{"rendered":"[vc_row type=\u00bbin_container\u00bb scene_position=\u00bbcenter\u00bb text_color=\u00bbdark\u00bb text_align=\u00bbleft\u00bb overlay_strength=\u00bb0.3&#8243;][vc_column column_padding=\u00bbno-extra-padding\u00bb column_padding_position=\u00bball\u00bb background_color_opacity=\u00bb1&#8243; background_hover_color_opacity=\u00bb1&#8243; width=\u00bb1\/1&#8243;][vc_column_text]\n<h2>Que nos hace especiales?<\/h2>\n<hr style=\"margin-bottom: 15px;\" \/>\n<p><strong><span style=\"font-size: 22px;\">Nuestra cocina: la del \u201cchup-chup\u201d <\/span><\/strong> con nuestra personalidad, con estima por los productos de la tierra, de nuestra huerta, de <strong>elaboraci\u00f3n propia<\/strong>. Nos hacemos el aceite, el aguardiente, las mermeladas, el queso, el chorizo de cabra, la longaniza de toro,\u2026 <strong>nos hacemos hasta el carb\u00f3n<\/strong> como se hac\u00eda antes. I, solo en nuestra casa, podr\u00e1n degustar el Crest\u00f3, <strong>cabrito de crianza propia<\/strong>. Como dec\u00eda el escritor, Josep Pla, <strong>la cocina catalana es el paisaje puesto en la cazuela<\/strong>. Con la gastronom\u00eda es como nos conocer\u00e1n mejor.<\/p>\n<p><strong>El <span style=\"font-size: 22px;\"> trato <\/span><\/strong>. La mayor\u00eda de nuestros clientes, muchos de ellos amigos ya, repiten a\u00f1o tras a\u00f1o, porque encuentran un ambiente especial, un trato familiar i acogedor, sinti\u00e9ndose como en casa.<\/p>\n<p><strong>La <span style=\"font-size: 22px;\">privilegiada situaci\u00f3n,<\/span><\/strong> el Hotel Miralles est\u00e1 situado en el <strong>coraz\u00f3n de la Tierra Alta<\/strong>, dentro del Parque Natural Els Ports, justo al lado de la comarca del Matarra\u00f1a, donde podr\u00e1n apreciar <strong>la singularidad de esta tierra<\/strong>, la Catalu\u00f1a por descubrir.[\/vc_column_text][\/vc_column][\/vc_row][vc_row type=\u00bbin_container\u00bb scene_position=\u00bbcenter\u00bb text_color=\u00bbdark\u00bb text_align=\u00bbleft\u00bb overlay_strength=\u00bb0.3&#8243;][vc_column column_padding=\u00bbno-extra-padding\u00bb column_padding_position=\u00bball\u00bb background_color_opacity=\u00bb1&#8243; background_hover_color_opacity=\u00bb1&#8243; width=\u00bb1\/1&#8243;][divider line_type=\u00bbNo Line\u00bb][vc_gallery type=\u00bbimage_grid\u00bb images=\u00bb836,970,982,422,1071,1072&#8243; display_title_caption=\u00bbtrue\u00bb layout=\u00bb3&#8243; gallery_style=\u00bb1&#8243;][divider line_type=\u00bbNo Line\u00bb][\/vc_column][\/vc_row]\n","protected":false},"excerpt":{"rendered":"<p>[vc_row type=\u00bbin_container\u00bb scene_position=\u00bbcenter\u00bb text_color=\u00bbdark\u00bb text_align=\u00bbleft\u00bb overlay_strength=\u00bb0.3&#8243;][vc_column column_padding=\u00bbno-extra-padding\u00bb column_padding_position=\u00bball\u00bb background_color_opacity=\u00bb1&#8243; background_hover_color_opacity=\u00bb1&#8243; width=\u00bb1\/1&#8243;][vc_column_text] Que nos hace especiales? Nuestra cocina: la del \u201cchup-chup\u201d con nuestra personalidad, con estima por los productos de la&#8230;<\/p>\n","protected":false},"author":1,"featured_media":0,"parent":0,"menu_order":0,"comment_status":"closed","ping_status":"closed","template":"","meta":{"footnotes":""},"class_list":["post-1997","page","type-page","status-publish"],"yoast_head":"<!-- This site is optimized with the Yoast SEO plugin v21.0 - https:\/\/yoast.com\/wordpress\/plugins\/seo\/ -->\n<title>Identitat propia - Hotel Miralles - Terra Alta<\/title>\n<meta name=\"robots\" content=\"index, follow, max-snippet:-1, max-image-preview:large, max-video-preview:-1\" \/>\n<link rel=\"canonical\" href=\"https:\/\/www.hotelmiralles.com\/identitat-propia\/\" \/>\n<meta property=\"og:locale\" content=\"es_ES\" \/>\n<meta property=\"og:type\" content=\"article\" \/>\n<meta property=\"og:title\" content=\"Identitat propia - Hotel Miralles - Terra Alta\" \/>\n<meta property=\"og:description\" content=\"[vc_row type=\u00bbin_container\u00bb scene_position=\u00bbcenter\u00bb text_color=\u00bbdark\u00bb text_align=\u00bbleft\u00bb overlay_strength=\u00bb0.3&#8243;][vc_column column_padding=\u00bbno-extra-padding\u00bb column_padding_position=\u00bball\u00bb background_color_opacity=\u00bb1&#8243; background_hover_color_opacity=\u00bb1&#8243; width=\u00bb1\/1&#8243;][vc_column_text] Que nos hace especiales? Nuestra cocina: la del \u201cchup-chup\u201d con nuestra personalidad, con estima por los productos de la...\" \/>\n<meta property=\"og:url\" content=\"https:\/\/www.hotelmiralles.com\/identitat-propia\/\" \/>\n<meta property=\"og:site_name\" content=\"Hotel Miralles - Terra Alta\" \/>\n<meta property=\"article:modified_time\" content=\"2017-03-28T08:51:06+00:00\" \/>\n<meta name=\"twitter:card\" content=\"summary_large_image\" \/>\n<meta name=\"twitter:label1\" content=\"Tiempo de lectura\" \/>\n\t<meta name=\"twitter:data1\" content=\"1 minuto\" \/>\n<script type=\"application\/ld+json\" class=\"yoast-schema-graph\">{\"@context\":\"https:\/\/schema.org\",\"@graph\":[{\"@type\":\"WebPage\",\"@id\":\"https:\/\/www.hotelmiralles.com\/identitat-propia\/\",\"url\":\"https:\/\/www.hotelmiralles.com\/identitat-propia\/\",\"name\":\"Identitat propia - Hotel Miralles - Terra Alta\",\"isPartOf\":{\"@id\":\"https:\/\/www.hotelmiralles.com\/#website\"},\"datePublished\":\"2016-12-01T16:01:17+00:00\",\"dateModified\":\"2017-03-28T08:51:06+00:00\",\"breadcrumb\":{\"@id\":\"https:\/\/www.hotelmiralles.com\/identitat-propia\/#breadcrumb\"},\"inLanguage\":\"es\",\"potentialAction\":[{\"@type\":\"ReadAction\",\"target\":[\"https:\/\/www.hotelmiralles.com\/identitat-propia\/\"]}]},{\"@type\":\"BreadcrumbList\",\"@id\":\"https:\/\/www.hotelmiralles.com\/identitat-propia\/#breadcrumb\",\"itemListElement\":[{\"@type\":\"ListItem\",\"position\":1,\"name\":\"Inici\",\"item\":\"https:\/\/www.hotelmiralles.com\/\"},{\"@type\":\"ListItem\",\"position\":2,\"name\":\"Identitat propia\"}]},{\"@type\":\"WebSite\",\"@id\":\"https:\/\/www.hotelmiralles.com\/#website\",\"url\":\"https:\/\/www.hotelmiralles.com\/\",\"name\":\"Hotel Miralles - Terra Alta\",\"description\":\"Hotel Restaurant a la Terra Alta situal a Horta de Sant Joan des de 1900\",\"potentialAction\":[{\"@type\":\"SearchAction\",\"target\":{\"@type\":\"EntryPoint\",\"urlTemplate\":\"https:\/\/www.hotelmiralles.com\/?s={search_term_string}\"},\"query-input\":\"required name=search_term_string\"}],\"inLanguage\":\"es\"}]}<\/script>\n<!-- \/ Yoast SEO plugin. -->","yoast_head_json":{"title":"Identitat propia - Hotel Miralles - Terra Alta","robots":{"index":"index","follow":"follow","max-snippet":"max-snippet:-1","max-image-preview":"max-image-preview:large","max-video-preview":"max-video-preview:-1"},"canonical":"https:\/\/www.hotelmiralles.com\/identitat-propia\/","og_locale":"es_ES","og_type":"article","og_title":"Identitat propia - Hotel Miralles - Terra Alta","og_description":"[vc_row type=\u00bbin_container\u00bb scene_position=\u00bbcenter\u00bb text_color=\u00bbdark\u00bb text_align=\u00bbleft\u00bb overlay_strength=\u00bb0.3&#8243;][vc_column column_padding=\u00bbno-extra-padding\u00bb column_padding_position=\u00bball\u00bb background_color_opacity=\u00bb1&#8243; background_hover_color_opacity=\u00bb1&#8243; width=\u00bb1\/1&#8243;][vc_column_text] Que nos hace especiales? Nuestra cocina: la del \u201cchup-chup\u201d con nuestra personalidad, con estima por los productos de la...","og_url":"https:\/\/www.hotelmiralles.com\/identitat-propia\/","og_site_name":"Hotel Miralles - Terra Alta","article_modified_time":"2017-03-28T08:51:06+00:00","twitter_card":"summary_large_image","twitter_misc":{"Tiempo de lectura":"1 minuto"},"schema":{"@context":"https:\/\/schema.org","@graph":[{"@type":"WebPage","@id":"https:\/\/www.hotelmiralles.com\/identitat-propia\/","url":"https:\/\/www.hotelmiralles.com\/identitat-propia\/","name":"Identitat propia - Hotel Miralles - Terra Alta","isPartOf":{"@id":"https:\/\/www.hotelmiralles.com\/#website"},"datePublished":"2016-12-01T16:01:17+00:00","dateModified":"2017-03-28T08:51:06+00:00","breadcrumb":{"@id":"https:\/\/www.hotelmiralles.com\/identitat-propia\/#breadcrumb"},"inLanguage":"es","potentialAction":[{"@type":"ReadAction","target":["https:\/\/www.hotelmiralles.com\/identitat-propia\/"]}]},{"@type":"BreadcrumbList","@id":"https:\/\/www.hotelmiralles.com\/identitat-propia\/#breadcrumb","itemListElement":[{"@type":"ListItem","position":1,"name":"Inici","item":"https:\/\/www.hotelmiralles.com\/"},{"@type":"ListItem","position":2,"name":"Identitat propia"}]},{"@type":"WebSite","@id":"https:\/\/www.hotelmiralles.com\/#website","url":"https:\/\/www.hotelmiralles.com\/","name":"Hotel Miralles - Terra Alta","description":"Hotel Restaurant a la Terra Alta situal a Horta de Sant Joan des de 1900","potentialAction":[{"@type":"SearchAction","target":{"@type":"EntryPoint","urlTemplate":"https:\/\/www.hotelmiralles.com\/?s={search_term_string}"},"query-input":"required name=search_term_string"}],"inLanguage":"es"}]}},"_links":{"self":[{"href":"https:\/\/www.hotelmiralles.com\/es\/wp-json\/wp\/v2\/pages\/1997","targetHints":{"allow":["GET"]}}],"collection":[{"href":"https:\/\/www.hotelmiralles.com\/es\/wp-json\/wp\/v2\/pages"}],"about":[{"href":"https:\/\/www.hotelmiralles.com\/es\/wp-json\/wp\/v2\/types\/page"}],"author":[{"embeddable":true,"href":"https:\/\/www.hotelmiralles.com\/es\/wp-json\/wp\/v2\/users\/1"}],"replies":[{"embeddable":true,"href":"https:\/\/www.hotelmiralles.com\/es\/wp-json\/wp\/v2\/comments?post=1997"}],"version-history":[{"count":1,"href":"https:\/\/www.hotelmiralles.com\/es\/wp-json\/wp\/v2\/pages\/1997\/revisions"}],"predecessor-version":[{"id":1999,"href":"https:\/\/www.hotelmiralles.com\/es\/wp-json\/wp\/v2\/pages\/1997\/revisions\/1999"}],"wp:attachment":[{"href":"https:\/\/www.hotelmiralles.com\/es\/wp-json\/wp\/v2\/media?parent=1997"}],"curies":[{"name":"wp","href":"https:\/\/api.w.org\/{rel}","templated":true}]}}