{"id":2003,"date":"2016-10-14T14:28:46","date_gmt":"2016-10-14T14:28:46","guid":{"rendered":"http:\/\/www.hotelmiralles.com\/el-cresto\/"},"modified":"2017-03-28T14:26:28","modified_gmt":"2017-03-28T14:26:28","slug":"el-cresto","status":"publish","type":"page","link":"https:\/\/www.hotelmiralles.com\/es\/el-cresto\/","title":{"rendered":"El Crest\u00f3"},"content":{"rendered":"[vc_row type=\u00bbin_container\u00bb scene_position=\u00bbcenter\u00bb text_color=\u00bbdark\u00bb text_align=\u00bbleft\u00bb overlay_strength=\u00bb0.3&#8243;][vc_column column_padding=\u00bbno-extra-padding\u00bb column_padding_position=\u00bball\u00bb background_color_opacity=\u00bb1&#8243; background_hover_color_opacity=\u00bb1&#8243; width=\u00bb1\/3&#8243;][vc_column_text]\n<h2>El Crest\u00f3, el hijo predilecto.<\/h2>\n<hr \/>\n<p style=\"text-align: justify;\">Que es el Crest\u00f3? El Crest\u00f3 es un cabrito castrado correspondiente a la cabra blanca. A los a\u00f1os 50 en los Puertos hab\u00eda 30 reba\u00f1os de cabras blancas, unos 5000 animales, que m\u00e1s tarde empezaron a desaparecer, quedando pocos ejemplares a finales de los 60. Consciente de esta circunstancia, Salvador Miralles, que de peque\u00f1o era pastor, impuls\u00f3 la iniciativa de recuperar la especie.<\/p>\n<p style=\"text-align: justify;\">Su dif\u00edcil pastura semi salvaje, el perfecto control diario y sobretodo su alimentaci\u00f3n vegetal y la pureza de las aguas de los Puertos, hacen que este sea su h\u00e1bitat perfecto para la cr\u00eda de una de las carnes m\u00e1s exquisitas y sobretodo natural. Cocinado con paciencia como se hac\u00eda en el siglo XIII, en escabeche, es el resultado de nuestro plato estrella, El Crest\u00f3 en escabeche.<\/p>\n[\/vc_column_text][\/vc_column][vc_column column_padding=\u00bbno-extra-padding\u00bb column_padding_position=\u00bball\u00bb background_color_opacity=\u00bb1&#8243; background_hover_color_opacity=\u00bb1&#8243; width=\u00bb2\/3&#8243;][image_with_animation image_url=\u00bb651&#8243; alignment=\u00bb\u00bb animation=\u00bbFade In\u00bb img_link_target=\u00bb_blank\u00bb img_link=\u00bbhttps:\/\/vimeo.com\/109138050&#8243;][\/vc_column][\/vc_row][vc_row type=\u00bbin_container\u00bb scene_position=\u00bbcenter\u00bb text_color=\u00bbdark\u00bb text_align=\u00bbleft\u00bb overlay_strength=\u00bb0.3&#8243;][vc_column column_padding=\u00bbno-extra-padding\u00bb column_padding_position=\u00bball\u00bb background_color_opacity=\u00bb1&#8243; background_hover_color_opacity=\u00bb1&#8243; width=\u00bb1\/1&#8243;][divider line_type=\u00bbNo Line\u00bb custom_height=\u00bb20&#8243;][vc_gallery type=\u00bbimage_grid\u00bb images=\u00bb286,287,288,972&#8243; layout=\u00bb4&#8243; gallery_style=\u00bb1&#8243;][divider line_type=\u00bbNo Line\u00bb custom_height=\u00bb20&#8243;][\/vc_column][\/vc_row]\n","protected":false},"excerpt":{"rendered":"<p>[vc_row type=\u00bbin_container\u00bb scene_position=\u00bbcenter\u00bb text_color=\u00bbdark\u00bb text_align=\u00bbleft\u00bb overlay_strength=\u00bb0.3&#8243;][vc_column column_padding=\u00bbno-extra-padding\u00bb column_padding_position=\u00bball\u00bb background_color_opacity=\u00bb1&#8243; background_hover_color_opacity=\u00bb1&#8243; width=\u00bb1\/3&#8243;][vc_column_text] El Crest\u00f3, el hijo predilecto. Que es el Crest\u00f3? El Crest\u00f3 es un cabrito castrado correspondiente a la cabra&#8230;<\/p>\n","protected":false},"author":1,"featured_media":0,"parent":0,"menu_order":0,"comment_status":"closed","ping_status":"closed","template":"","meta":{"footnotes":""},"yoast_head":"<!-- This site is optimized with the Yoast SEO plugin v21.0 - https:\/\/yoast.com\/wordpress\/plugins\/seo\/ -->\n<title>El Crest\u00f3 - Hotel Miralles - Terra Alta<\/title>\n<meta name=\"robots\" content=\"index, follow, max-snippet:-1, max-image-preview:large, max-video-preview:-1\" \/>\n<link rel=\"canonical\" href=\"https:\/\/www.hotelmiralles.com\/el-cresto\/\" \/>\n<meta property=\"og:locale\" content=\"es_ES\" \/>\n<meta property=\"og:type\" content=\"article\" \/>\n<meta property=\"og:title\" content=\"El Crest\u00f3 - Hotel Miralles - Terra Alta\" \/>\n<meta property=\"og:description\" content=\"[vc_row type=\u00bbin_container\u00bb scene_position=\u00bbcenter\u00bb text_color=\u00bbdark\u00bb text_align=\u00bbleft\u00bb overlay_strength=\u00bb0.3&#8243;][vc_column column_padding=\u00bbno-extra-padding\u00bb column_padding_position=\u00bball\u00bb background_color_opacity=\u00bb1&#8243; background_hover_color_opacity=\u00bb1&#8243; width=\u00bb1\/3&#8243;][vc_column_text] El Crest\u00f3, el hijo predilecto. Que es el Crest\u00f3? El Crest\u00f3 es un cabrito castrado correspondiente a la cabra...\" \/>\n<meta property=\"og:url\" content=\"https:\/\/www.hotelmiralles.com\/el-cresto\/\" \/>\n<meta property=\"og:site_name\" content=\"Hotel Miralles - Terra Alta\" \/>\n<meta property=\"article:modified_time\" content=\"2017-03-28T14:26:28+00:00\" \/>\n<meta name=\"twitter:card\" content=\"summary_large_image\" \/>\n<meta name=\"twitter:label1\" content=\"Tiempo de lectura\" \/>\n\t<meta name=\"twitter:data1\" content=\"1 minuto\" \/>\n<script type=\"application\/ld+json\" class=\"yoast-schema-graph\">{\"@context\":\"https:\/\/schema.org\",\"@graph\":[{\"@type\":\"WebPage\",\"@id\":\"https:\/\/www.hotelmiralles.com\/el-cresto\/\",\"url\":\"https:\/\/www.hotelmiralles.com\/el-cresto\/\",\"name\":\"El Crest\u00f3 - Hotel Miralles - Terra Alta\",\"isPartOf\":{\"@id\":\"https:\/\/www.hotelmiralles.com\/#website\"},\"datePublished\":\"2016-10-14T14:28:46+00:00\",\"dateModified\":\"2017-03-28T14:26:28+00:00\",\"breadcrumb\":{\"@id\":\"https:\/\/www.hotelmiralles.com\/el-cresto\/#breadcrumb\"},\"inLanguage\":\"es\",\"potentialAction\":[{\"@type\":\"ReadAction\",\"target\":[\"https:\/\/www.hotelmiralles.com\/el-cresto\/\"]}]},{\"@type\":\"BreadcrumbList\",\"@id\":\"https:\/\/www.hotelmiralles.com\/el-cresto\/#breadcrumb\",\"itemListElement\":[{\"@type\":\"ListItem\",\"position\":1,\"name\":\"Inici\",\"item\":\"https:\/\/www.hotelmiralles.com\/\"},{\"@type\":\"ListItem\",\"position\":2,\"name\":\"El Crest\u00f3\"}]},{\"@type\":\"WebSite\",\"@id\":\"https:\/\/www.hotelmiralles.com\/#website\",\"url\":\"https:\/\/www.hotelmiralles.com\/\",\"name\":\"Hotel Miralles - Terra Alta\",\"description\":\"Hotel Restaurant a la Terra Alta situal a Horta de Sant Joan des de 1900\",\"potentialAction\":[{\"@type\":\"SearchAction\",\"target\":{\"@type\":\"EntryPoint\",\"urlTemplate\":\"https:\/\/www.hotelmiralles.com\/?s={search_term_string}\"},\"query-input\":\"required name=search_term_string\"}],\"inLanguage\":\"es\"}]}<\/script>\n<!-- \/ Yoast SEO plugin. -->","yoast_head_json":{"title":"El Crest\u00f3 - Hotel Miralles - Terra Alta","robots":{"index":"index","follow":"follow","max-snippet":"max-snippet:-1","max-image-preview":"max-image-preview:large","max-video-preview":"max-video-preview:-1"},"canonical":"https:\/\/www.hotelmiralles.com\/el-cresto\/","og_locale":"es_ES","og_type":"article","og_title":"El Crest\u00f3 - Hotel Miralles - Terra Alta","og_description":"[vc_row type=\u00bbin_container\u00bb scene_position=\u00bbcenter\u00bb text_color=\u00bbdark\u00bb text_align=\u00bbleft\u00bb overlay_strength=\u00bb0.3&#8243;][vc_column column_padding=\u00bbno-extra-padding\u00bb column_padding_position=\u00bball\u00bb background_color_opacity=\u00bb1&#8243; background_hover_color_opacity=\u00bb1&#8243; width=\u00bb1\/3&#8243;][vc_column_text] El Crest\u00f3, el hijo predilecto. Que es el Crest\u00f3? El Crest\u00f3 es un cabrito castrado correspondiente a la cabra...","og_url":"https:\/\/www.hotelmiralles.com\/el-cresto\/","og_site_name":"Hotel Miralles - Terra Alta","article_modified_time":"2017-03-28T14:26:28+00:00","twitter_card":"summary_large_image","twitter_misc":{"Tiempo de lectura":"1 minuto"},"schema":{"@context":"https:\/\/schema.org","@graph":[{"@type":"WebPage","@id":"https:\/\/www.hotelmiralles.com\/el-cresto\/","url":"https:\/\/www.hotelmiralles.com\/el-cresto\/","name":"El Crest\u00f3 - Hotel Miralles - Terra Alta","isPartOf":{"@id":"https:\/\/www.hotelmiralles.com\/#website"},"datePublished":"2016-10-14T14:28:46+00:00","dateModified":"2017-03-28T14:26:28+00:00","breadcrumb":{"@id":"https:\/\/www.hotelmiralles.com\/el-cresto\/#breadcrumb"},"inLanguage":"es","potentialAction":[{"@type":"ReadAction","target":["https:\/\/www.hotelmiralles.com\/el-cresto\/"]}]},{"@type":"BreadcrumbList","@id":"https:\/\/www.hotelmiralles.com\/el-cresto\/#breadcrumb","itemListElement":[{"@type":"ListItem","position":1,"name":"Inici","item":"https:\/\/www.hotelmiralles.com\/"},{"@type":"ListItem","position":2,"name":"El Crest\u00f3"}]},{"@type":"WebSite","@id":"https:\/\/www.hotelmiralles.com\/#website","url":"https:\/\/www.hotelmiralles.com\/","name":"Hotel Miralles - Terra Alta","description":"Hotel Restaurant a la Terra Alta situal a Horta de Sant Joan des de 1900","potentialAction":[{"@type":"SearchAction","target":{"@type":"EntryPoint","urlTemplate":"https:\/\/www.hotelmiralles.com\/?s={search_term_string}"},"query-input":"required name=search_term_string"}],"inLanguage":"es"}]}},"_links":{"self":[{"href":"https:\/\/www.hotelmiralles.com\/es\/wp-json\/wp\/v2\/pages\/2003"}],"collection":[{"href":"https:\/\/www.hotelmiralles.com\/es\/wp-json\/wp\/v2\/pages"}],"about":[{"href":"https:\/\/www.hotelmiralles.com\/es\/wp-json\/wp\/v2\/types\/page"}],"author":[{"embeddable":true,"href":"https:\/\/www.hotelmiralles.com\/es\/wp-json\/wp\/v2\/users\/1"}],"replies":[{"embeddable":true,"href":"https:\/\/www.hotelmiralles.com\/es\/wp-json\/wp\/v2\/comments?post=2003"}],"version-history":[{"count":2,"href":"https:\/\/www.hotelmiralles.com\/es\/wp-json\/wp\/v2\/pages\/2003\/revisions"}],"predecessor-version":[{"id":2093,"href":"https:\/\/www.hotelmiralles.com\/es\/wp-json\/wp\/v2\/pages\/2003\/revisions\/2093"}],"wp:attachment":[{"href":"https:\/\/www.hotelmiralles.com\/es\/wp-json\/wp\/v2\/media?parent=2003"}],"curies":[{"name":"wp","href":"https:\/\/api.w.org\/{rel}","templated":true}]}}